{"id":548,"date":"2015-04-24T13:40:54","date_gmt":"2015-04-24T11:40:54","guid":{"rendered":"http:\/\/v20.ivv.tuwien.ac.at\/wiwit\/?page_id=548"},"modified":"2015-05-07T17:27:42","modified_gmt":"2015-05-07T15:27:42","slug":"actual-planning-projects","status":"publish","type":"page","link":"https:\/\/v20.fvv.tuwien.ac.at\/wiwit\/en\/actual-planning-projects\/","title":{"rendered":"Actual Planning and Projects"},"content":{"rendered":"<p>Here is an overview of planning documents and specific construction projects in the border region.<\/p>\n<h4><u>Austria (in German)<\/u><\/h4>\n<ul>\n<li><a href=\"http:\/\/www.oerok.gv.at\/raum-region\/oesterreichisches-raumentwicklungskonzept\/oerek-2011.html\" target=\"_blank\">\u00d6sterreichisches Raumentwicklungskonzept (\u00d6REK 2011)<\/a><\/li>\n<li><a href=\"http:\/\/www.bmvit.gv.at\/bmvit\/verkehr\/gesamtverkehr\/verkehrsprognose_2025\/index.html\" target=\"_blank\">Verkehrsprognose \u00d6sterreich 2025+ (VP\u00d6 2025+)<\/a><\/li>\n<li><a href=\"https:\/\/www.wien.gv.at\/stadtentwicklung\/projekte\/smartcity\/rahmenstrategie.html\" target=\"_blank\">Smart City Rahmenstrategie Wien<\/a><\/li>\n<li><a href=\"http:\/\/www.wien.gv.at\/stadtentwicklung\/strategien\/step\/step2025\/\" target=\"_blank\">Stadtentwicklungplan Wien (STEP 2025)<\/a><\/li>\n<li><a href=\"http:\/\/www.wien.gv.at\/stadtentwicklung\/strategien\/step\/step2025\/fachkonzepte\/mobilitaet\/index.html\" target=\"_blank\">Fachkonzept Mobilit\u00e4t Wien<\/a><\/li>\n<li><a href=\"https:\/\/www.noe.gv.at\/Verkehr-Technik\/Planungen-Beratung\/Strategie-Verkehr.html\" target=\"_blank\">Strategie Verkehr N\u00d6<\/a><\/li>\n<li><a href=\"http:\/\/www.burgenland.at\/fileadmin\/user_upload\/Downloads\/Mobilitaet_und_Sicherheit\/Mobilitaet\/Gesamtverkehrsstrategie_Burgenland_Web_9MB.pdf\" target=\"_blank\">Gesamtverkehrsstrategie Burgenland (PDF)<\/a><\/li>\n<li><a href=\"http:\/\/www.oebb.at\/infrastruktur\/de\/5_0_fuer_Generationen\/5_4_Wir_bauen_fuer_Generationen\/5_4_1_Schieneninfrastruktur\/Zukunftbahn_Zielnetz_2025\/\">\u00d6BB-Zielnetz 2025+<\/a><\/li>\n<li><a href=\"http:\/\/www.asfinag.at\/unterwegs\/bauen\" target=\"_blank\">ASFiNAG Infrastrukturprogramm<\/a><\/li>\n<\/ul>\n<h4><u>Slovakia (in Slovakian)<\/u><\/h4>\n<ul>\n<li><a href=\"http:\/\/www.telecom.gov.sk\/index\/index.php?ids=160211\" target=\"_blank\">Strategick\u00fd pl\u00e1n rozvoja dopravnej infra\u0161trukt\u00fary SR do roku 2020<\/a><\/li>\n<li><a href=\"http:\/\/www.telecom.gov.sk\/index\/index.php?ids=75842\" target=\"_blank\">Program podpory IDS \u2013 NSDI<\/a><\/li>\n<li><a href=\"http:\/\/www.telecom.gov.sk\/index\/index.php?ids=75852\" target=\"_blank\">Rozvoj verejnej osobnej dopravy<\/a><\/li>\n<li><a href=\"http:\/\/www.telecom.gov.sk\/index\/index.php?ids=17111\" target=\"_blank\">Opera\u010dn\u00fd program Doprava 2007 &#8211; 2013 a Zoznam projektov OPD<\/a><\/li>\n<li><a href=\"http:\/\/www.telecom.gov.sk\/index\/index.php?ids=169044\" target=\"_blank\">Opera\u010dn\u00fd program Integrovan\u00e1 infra\u0161trukt\u00fara (OPII)<\/a><\/li>\n<li><a href=\"http:\/\/www.telecom.gov.sk\/index\/index.php?ids=137122\" target=\"_blank\">Nov\u00fd projekt v\u00fdstavby dia\u013enic a r\u00fdchlostn\u00fdch ciest &#8211; Doplnok \u010d. 3 [1]<\/a><\/li>\n<li><a href=\"http:\/\/www.telecom.gov.sk\/index\/open_file.php?file=doprava\/cesta\/opk\/oznamenie\/novy_projekt_vystavby_dialnic_doplnok_3.pdf\" target=\"_blank\">Nov\u00fd projekt v\u00fdstavby dia\u013enic a r\u00fdchlostn\u00fdch ciest &#8211; Doplnok \u010d. 3 [2] (PDF)<\/a><\/li>\n<li><a href=\"http:\/\/www.telecom.gov.sk\/index\/index.php?ids=131820\" target=\"_blank\">Jednotn\u00e1 v\u00edzia \u017eelezni\u010dn\u00e9ho sektora v SR<\/a><\/li>\n<li><a href=\"http:\/\/www.telecom.gov.sk\/index\/open_file.php?file=doprava\/zeleznica\/Vizia2012\/Jednotna_vizia_ZS_SR_pripom.pdf\" target=\"_blank\">Jednotn\u00e1 v\u00edzia \u017eelezni\u010dn\u00e9ho sektora v SR (PDF)<\/a><\/li>\n<li><a href=\"http:\/\/www.telecom.gov.sk\/index\/index.php?ids=471\" target=\"_blank\">Koncepcia rozvoja vodnej dopravy SR<\/a><\/li>\n<li><a href=\"http:\/\/www.telecom.gov.sk\/index\/index.php?ids=165524\" target=\"_blank\">Strat\u00e9gia rozvoja verejnej osobnej a nemotorovej dopravy SR do roku 2020<\/a><\/li>\n<li><a href=\"http:\/\/www.telecom.gov.sk\/index\/open_file.php?file=doprava\/cyklistika\/Cyklostrategia_2013_druhe_vydanie_SK.pdf\" target=\"_blank\">N\u00e1rodn\u00e1 strat\u00e9gia rozvoja cyklistickej dopravy a cykloturistiky v Slovenskej republike [1] (PDF)<\/a><\/li>\n<li><a href=\"http:\/\/www.telecom.gov.sk\/index\/open_file.php?file=doprava\/cyklistika\/Cycling_Strategy_2013_2nd_edition_EN.pdf\" target=\"_blank\">N\u00e1rodn\u00e1 strat\u00e9gia rozvoja cyklistickej dopravy a cykloturistiky v Slovenskej republike [2] (PDF)<\/a><\/li>\n<li><a href=\"http:\/\/www.zsr.sk\/buxus\/generate_page.php?page_id=1957\" target=\"_blank\">Projekt zabezpe\u010denia pr\u00edstupu os\u00f4b s obmedzenou mobilitou k slu\u017eb\u00e1m osobnej \u017eelezni\u010dnej dopravy<\/a><\/li>\n<li><a href=\"http:\/\/www.zsr.sk\/slovensky\/projekty-eu\/tiop-v-ba-dnv-pb.html?page_id=3142\" target=\"_blank\">\u017dSR, Termin\u00e1ly integrovanej osobnej prepravy v Bratislave, \u00fasek Dev\u00ednska Nov\u00e1 Ves \u2013 Bratislava hlavn\u00e1 stanica \u2013 Podunajsk\u00e9 Biskupice (EIA, DSZ, D\u00daR)<\/a><\/li>\n<li><a href=\"http:\/\/www.zsr.sk\/slovensky\/projekty-eu\/isids-ba.kraja.html?page_id=3206\" target=\"_blank\">Informa\u010dn\u00fd syst\u00e9m integrovan\u00e9ho dopravn\u00e9ho syst\u00e9mu Bratislavsk\u00e9ho kraja (projektov\u00e1 dokument\u00e1cia)<\/a><\/li>\n<li><a href=\"http:\/\/www.bid.sk\/ids-bk\/dokumenty-idsbk\/\" target=\"_blank\">Dokumenty IDS BK<\/a><\/li>\n<li><a href=\"http:\/\/www.opbk.sk\/operacny-program\/\" target=\"_blank\">Opera\u010dn\u00fd program Bratislavsk\u00fd kraj<\/a><\/li>\n<li><a href=\"http:\/\/www.zscargo.sk\/files\/vystavy\/or-2014\/final-zsr-zssk-cargo-2014-garaj-rezim-kompatibility.pdf\" target=\"_blank\">Strat\u00e9gia \u017dSR v oblasti moderniz\u00e1cie a rekon\u0161trukcie \u017eelezni\u010dnej infra\u0161trukt\u00fary (PDF)<\/a><\/li>\n<li><a href=\"http:\/\/www.ndsas.sk\/ext_dok-strategia-2014---2018\/48465c\" target=\"_blank\">STRAT\u00c9GIA 2014 &#8211; 2018 &#8211; NDS<\/a><\/li>\n<li><a href=\"http:\/\/www.ndsas.sk\/useky-senec--krizovatka--0-etapa\/44223s48776c\" target=\"_blank\">Senec, kri\u017eovatka, 0. etapa<\/a><\/li>\n<li><a href=\"http:\/\/www.ndsas.sk\/useky-moravsky-svaty-jan--ekodukt\/44223s44894c\" target=\"_blank\">Moravsk\u00fd Sv\u00e4t\u00fd J\u00e1n, ekodukt<\/a><\/li>\n<li><a href=\"http:\/\/www.ndsas.sk\/useky-vlckovce--phs\/44223s33405c\" target=\"_blank\">Vl\u010dkovce, PHS<\/a><\/li>\n<li><a href=\"http:\/\/www.ndsas.sk\/useky-triblavina--krizovatka\/44223s44898c\" target=\"_blank\">Triblavina, kri\u017eovatka<\/a><\/li>\n<li><a href=\"http:\/\/www.ndsas.sk\/useky-bratislava---senec--rozsirenie\/44364s19139c\" target=\"_blank\">Bratislava &#8211; Senec, roz\u0161\u00edrenie<\/a><\/li>\n<li><a href=\"http:\/\/www.ndsas.sk\/useky-blatne--krizovatka\/44364s46308c\" target=\"_blank\">Blatn\u00e9, kri\u017eovatka<\/a><\/li>\n<li><a href=\"http:\/\/www.ndsas.sk\/useky-blatne---trnava--rozsirenie\/44364s46309c\" target=\"_blank\">Blatn\u00e9 &#8211; Trnava, roz\u0161\u00edrenie<\/a><\/li>\n<li><a href=\"http:\/\/www.ndsas.sk\/useky-st-hranica-cz-sk---bratislava--rozsirenie\/44364s24289c\" target=\"_blank\">\u0161t. hranica CZ\/SK &#8211; Bratislava, roz\u0161\u00edrenie<\/a><\/li>\n<li><a href=\"http:\/\/www.ndsas.sk\/useky-ba--jarovce---ba--raca\/44364s24597c\" target=\"_blank\">BA, Jarovce &#8211; BA, Ra\u010da<\/a><\/li>\n<li><a href=\"http:\/\/www.ndsas.sk\/useky-ba--raca---ba--zahorska-bystrica\/44364s24296c\" target=\"_blank\">BA, Ra\u010da &#8211; BA, Z\u00e1horsk\u00e1 Bystrica<\/a><\/li>\n<li><a href=\"http:\/\/www.ndsas.sk\/useky-ba--dnv---st-hr-sk-at\/44364s24297c\" target=\"_blank\">BA, D.N.V. &#8211; \u0161t. hr. SK\/AT<\/a><\/li>\n<li><a href=\"http:\/\/www.ndsas.sk\/220-useky\/44364s44895c\" target=\"_blank\">Most pri Bratislave &#8211; Vl\u010dkovce<\/a><\/li>\n<li><a href=\"http:\/\/www.ndsas.sk\/useky-ba--prievoz---ba--ketelec\/44364s43625c\" target=\"_blank\">BA, Prievoz &#8211; BA, Ketelec<\/a><\/li>\n<li><a href=\"http:\/\/www.ndsas.sk\/useky-ba--ketelec---dunajska-luzna\/44364s3133c\" target=\"_blank\">BA, Ketelec &#8211; Dunajsk\u00e1 Lu\u017en\u00e1<\/a><\/li>\n<li><a href=\"http:\/\/www.ndsas.sk\/useky-dunajska-luzna---holice\/44364s24299c\" target=\"_blank\">Dunajsk\u00e1 Lu\u017en\u00e1 &#8211; Holice<\/a><\/li>\n<li><a href=\"http:\/\/www.ndsas.sk\/useky-holice---dunajska-streda\/44364s24300c\" target=\"_blank\">Holice &#8211; Dunajsk\u00e1 Streda<\/a><\/li>\n<li><a href=\"http:\/\/www.ndsas.sk\/useky-dunajska-streda---nove-zamky\/44364s24301c\" target=\"_blank\">Dunajsk\u00e1 Streda &#8211; Nov\u00e9 Z\u00e1mky<\/a><\/li>\n<li><a href=\"http:\/\/bratislava.sk\/vismo\/zobraz_dok.asp?p1=11051440&#038;id_ktg=11006061&#038;n=strategia%2Drozvoja&#038;rd=1000\" target=\"_blank\">Strat\u00e9gia rozvoja Bratislava<\/a><\/li>\n<li><a href=\"http:\/\/bratislava.sk\/VismoOnline_ActionScripts\/File.ashx?id_org=700000&#038;id_dokumenty=11025702\" target=\"_blank\">PHSR BA<\/a><\/li>\n<li><a href=\"http:\/\/www.bratislava.sk\/uzemny-plan-mesta\/d-11031292\/p1=11050195\" target=\"_blank\">\u00dazemn\u00fd pl\u00e1n BA<\/a><\/li>\n<li><a href=\"http:\/\/www.bratislava.sk\/integrovana-kolajova-doprava\/d-11029955\/p1=11051439\" target=\"_blank\">Integrovan\u00e1 ko\u013eajov\u00e1 doprava<\/a><\/li>\n<li><a href=\"http:\/\/www.region-bsk.sk\/uzemny-plan-regionu-bsk.aspx\" target=\"_blank\">\u00dazemn\u00fd pl\u00e1n BSK<\/a><\/li>\n<li><a href=\"https:\/\/www.trnava-vuc.sk\/sk\/uzemne-planovanie\/dokumenty-uzemneho-planu-regionu\" target=\"_blank\">\u00dazemn\u00fd pl\u00e1n TTSK<\/a><\/li>\n<\/ul>\n","protected":false},"excerpt":{"rendered":"<p>Here is an overview of planning documents and specific construction projects in the border region. Austria (in German) \u00d6sterreichisches Raumentwicklungskonzept (\u00d6REK 2011) Verkehrsprognose \u00d6sterreich 2025+ (VP\u00d6 2025+) Smart City Rahmenstrategie Wien Stadtentwicklungplan Wien (STEP 2025) Fachkonzept Mobilit\u00e4t Wien Strategie Verkehr N\u00d6 Gesamtverkehrsstrategie Burgenland (PDF) \u00d6BB-Zielnetz 2025+ ASFiNAG Infrastrukturprogramm Slovakia (in Slovakian) Strategick\u00fd pl\u00e1n rozvoja dopravnej [&hellip;]<\/p>\n","protected":false},"author":2,"featured_media":0,"parent":0,"menu_order":0,"comment_status":"closed","ping_status":"open","template":"","meta":[],"_links":{"self":[{"href":"https:\/\/v20.fvv.tuwien.ac.at\/wiwit\/wp-json\/wp\/v2\/pages\/548"}],"collection":[{"href":"https:\/\/v20.fvv.tuwien.ac.at\/wiwit\/wp-json\/wp\/v2\/pages"}],"about":[{"href":"https:\/\/v20.fvv.tuwien.ac.at\/wiwit\/wp-json\/wp\/v2\/types\/page"}],"author":[{"embeddable":true,"href":"https:\/\/v20.fvv.tuwien.ac.at\/wiwit\/wp-json\/wp\/v2\/users\/2"}],"replies":[{"embeddable":true,"href":"https:\/\/v20.fvv.tuwien.ac.at\/wiwit\/wp-json\/wp\/v2\/comments?post=548"}],"version-history":[{"count":4,"href":"https:\/\/v20.fvv.tuwien.ac.at\/wiwit\/wp-json\/wp\/v2\/pages\/548\/revisions"}],"predecessor-version":[{"id":556,"href":"https:\/\/v20.fvv.tuwien.ac.at\/wiwit\/wp-json\/wp\/v2\/pages\/548\/revisions\/556"}],"wp:attachment":[{"href":"https:\/\/v20.fvv.tuwien.ac.at\/wiwit\/wp-json\/wp\/v2\/media?parent=548"}],"curies":[{"name":"wp","href":"https:\/\/api.w.org\/{rel}","templated":true}]}}