{"id":47,"date":"2014-04-17T17:45:09","date_gmt":"2014-04-17T15:45:09","guid":{"rendered":"https:\/\/v2.ivv.tuwien.ac.at\/wordpress\/?page_id=47"},"modified":"2014-07-02T15:04:41","modified_gmt":"2014-07-02T13:04:41","slug":"impressum","status":"publish","type":"page","link":"https:\/\/v20.fvv.tuwien.ac.at\/wiwit\/en\/about-wiwit\/impressum\/","title":{"rendered":"Impressum"},"content":{"rendered":"<h2>Offenlegung gem\u00e4\u00df \u00a725 Mediengesetz (\u00d6sterreich)<\/h2>\n<h3>Inhaber der Website<\/h3>\n<p>Forschungsbereich f\u00fcr Verkehrsplanung und Verkehrstechnik, Institut f\u00fcr Verkehrswissenschaften, Technische Universit\u00e4t Wien<\/p>\n<p><p>Karlsplatz 13\/230-1, A-1040 Wien<\/p>\n<p>Tel:   +43-1-58801-23123 (Secretary), Fax: +43-1-58801-23399<\/p>\n<h3>Copyright<\/h3>\n<p>Copyright &copy; 2014 by Forschungsbereich f\u00fcr Verkehrsplanung und Verkehrstechnik, Institut f\u00fcr Verkehrswissenschaften, Technische Universit\u00e4t Wien, Karlsplatz 13\/230-1, A-1040 Wien, \u00d6sterreich, alle Rechte vorbehalten.<\/p>\n","protected":false},"excerpt":{"rendered":"<p>Offenlegung gem\u00e4\u00df \u00a725 Mediengesetz (\u00d6sterreich) Inhaber der Website Forschungsbereich f\u00fcr Verkehrsplanung und Verkehrstechnik, Institut f\u00fcr Verkehrswissenschaften, Technische Universit\u00e4t Wien Karlsplatz 13\/230-1, A-1040 Wien Tel: +43-1-58801-23123 (Secretary), Fax: +43-1-58801-23399 Copyright Copyright &copy; 2014 by Forschungsbereich f\u00fcr Verkehrsplanung und Verkehrstechnik, Institut f\u00fcr Verkehrswissenschaften, Technische Universit\u00e4t Wien, Karlsplatz 13\/230-1, A-1040 Wien, \u00d6sterreich, alle Rechte vorbehalten.<\/p>\n","protected":false},"author":2,"featured_media":0,"parent":37,"menu_order":0,"comment_status":"closed","ping_status":"open","template":"","meta":[],"_links":{"self":[{"href":"https:\/\/v20.fvv.tuwien.ac.at\/wiwit\/wp-json\/wp\/v2\/pages\/47"}],"collection":[{"href":"https:\/\/v20.fvv.tuwien.ac.at\/wiwit\/wp-json\/wp\/v2\/pages"}],"about":[{"href":"https:\/\/v20.fvv.tuwien.ac.at\/wiwit\/wp-json\/wp\/v2\/types\/page"}],"author":[{"embeddable":true,"href":"https:\/\/v20.fvv.tuwien.ac.at\/wiwit\/wp-json\/wp\/v2\/users\/2"}],"replies":[{"embeddable":true,"href":"https:\/\/v20.fvv.tuwien.ac.at\/wiwit\/wp-json\/wp\/v2\/comments?post=47"}],"version-history":[{"count":6,"href":"https:\/\/v20.fvv.tuwien.ac.at\/wiwit\/wp-json\/wp\/v2\/pages\/47\/revisions"}],"predecessor-version":[{"id":182,"href":"https:\/\/v20.fvv.tuwien.ac.at\/wiwit\/wp-json\/wp\/v2\/pages\/47\/revisions\/182"}],"up":[{"embeddable":true,"href":"https:\/\/v20.fvv.tuwien.ac.at\/wiwit\/wp-json\/wp\/v2\/pages\/37"}],"wp:attachment":[{"href":"https:\/\/v20.fvv.tuwien.ac.at\/wiwit\/wp-json\/wp\/v2\/media?parent=47"}],"curies":[{"name":"wp","href":"https:\/\/api.w.org\/{rel}","templated":true}]}}