{"id":450,"date":"2014-12-19T11:42:29","date_gmt":"2014-12-19T10:42:29","guid":{"rendered":"http:\/\/v20.ivv.tuwien.ac.at\/wiwit\/?page_id=450"},"modified":"2014-12-19T11:42:29","modified_gmt":"2014-12-19T10:42:29","slug":"final-workshop","status":"publish","type":"page","link":"https:\/\/v20.fvv.tuwien.ac.at\/wiwit\/en\/final-workshop\/","title":{"rendered":"Final Workshop"},"content":{"rendered":"<p>Two final workshops &#8211; one in Vienna in the German language, and the other one in Bratislava in the Slovak language &#8211; were held in December 2014.<\/p>\n<p>The presentations are available in the two languages for download. The contents in the both languages are the same.<\/p>\n<p>In German:<\/p>\n<ul>\n<li><a href=\"http:\/\/v20.ivv.tuwien.ac.at\/wiwit\/wp-content\/uploads\/2014\/12\/01_Intro-GE.pdf\" target=\"_blank\">Er\u00f6ffnung<\/a><\/li>\n<li><a href=\"http:\/\/v20.ivv.tuwien.ac.at\/wiwit\/wp-content\/uploads\/2014\/12\/02_Literatur-Onlinerecherche-TS.pdf\" target=\"_blank\">Ergebnisse der Literatur-\/Onlinerecherche<\/a><\/li>\n<li><a href=\"http:\/\/v20.ivv.tuwien.ac.at\/wiwit\/wp-content\/uploads\/2014\/12\/03_Methodik-TS.pdf\" target=\"_blank\">Vorstellung der Methodik<\/a><\/li>\n<li><a href=\"http:\/\/v20.ivv.tuwien.ac.at\/wiwit\/wp-content\/uploads\/2014\/12\/04_Interviews-UL_For_Upload.pdf\" target=\"_blank\">Durchgef\u00fchrte Interviews<\/a><\/li>\n<li><a href=\"http:\/\/v20.ivv.tuwien.ac.at\/wiwit\/wp-content\/uploads\/2014\/12\/05_Kompetenzlandkarte-UL.pdf\" target=\"_blank\">Swimlane Charts und Kompetenzlandkarte<\/a><\/li>\n<li><a href=\"http:\/\/v20.ivv.tuwien.ac.at\/wiwit\/wp-content\/uploads\/2014\/12\/06_Erkenntnisse-TS.pdf\" target=\"_blank\">Erkenntnisse<\/a><\/li>\n<li><a href=\"http:\/\/v20.ivv.tuwien.ac.at\/wiwit\/wp-content\/uploads\/2014\/12\/07_\u00dcbertragbarkeit-der-Methodik-TS.pdf\" target=\"_blank\">\u00dcbertragbarkeit der Methodik<\/a><\/li>\n<li><a href=\"http:\/\/v20.ivv.tuwien.ac.at\/wiwit\/wp-content\/uploads\/2014\/12\/08_Nachhaltigkeit-UL.pdf\" target=\"_blank\">Projektabschluss und Nachhaltigkeit<\/a><\/li>\n<\/ul>\n<p>In Slovakian:<\/p>\n<ul>\n<li><a href=\"http:\/\/v20.ivv.tuwien.ac.at\/wiwit\/wp-content\/uploads\/2014\/12\/01_Uvod-bb_ge.pdf\" target=\"_blank\">Otvorenie<\/a><\/li>\n<li><a href=\"http:\/\/v20.ivv.tuwien.ac.at\/wiwit\/wp-content\/uploads\/2014\/12\/02_Literatura-Onlinerecherche-bb_ts.pdf\" target=\"_blank\">Preh\u013ead literat\u00fary \/ on-line v\u00fdskum<\/a><\/li>\n<li><a href=\"http:\/\/v20.ivv.tuwien.ac.at\/wiwit\/wp-content\/uploads\/2014\/12\/03_Methodik-TSmo.pdf\" target=\"_blank\">Tvorba metodiky<\/a><\/li>\n<li><a href=\"http:\/\/v20.ivv.tuwien.ac.at\/wiwit\/wp-content\/uploads\/2014\/12\/04_Interviews-ULgb_for_Upload.pdf target=\"_blank\"\">Realizovan\u00e9 rozhovory<\/a><\/li>\n<li><a href=\"http:\/\/v20.ivv.tuwien.ac.at\/wiwit\/wp-content\/uploads\/2014\/12\/05_Kompetencna-mapa-AZ.pdf\" target=\"_blank\">Swimlane procesn\u00fd graf a Kompeten\u010dn\u00e1 mapa<\/a><\/li>\n<li><a href=\"http:\/\/v20.ivv.tuwien.ac.at\/wiwit\/wp-content\/uploads\/2014\/12\/06_Poznatky-bb_ts.pdf\" target=\"_blank\">Z\u00e1very<\/a><\/li>\n<li><a href=\"http:\/\/v20.ivv.tuwien.ac.at\/wiwit\/wp-content\/uploads\/2014\/12\/07_Prenosnost-metodiky-mo_ts.pdf\" target=\"_blank\">Prenosnos\u0165 metodiky<\/a><\/li>\n<li><a href=\"http:\/\/v20.ivv.tuwien.ac.at\/wiwit\/wp-content\/uploads\/2014\/12\/08_udr\u017eate\u013enos\u0165-bb_ul.pdf\" target=\"_blank\">Udr\u017eate\u013enos\u0165 projektu a v\u00fdh\u013ead<\/a><\/li>\n<\/ul>\n<p>Here are two impressions from the workshops:<\/p>\n<div id=\"attachment_451\" style=\"width: 310px\" class=\"wp-caption alignnone\"><a href=\"http:\/\/v20.ivv.tuwien.ac.at\/wiwit\/wp-content\/uploads\/2014\/12\/IMG_5929.jpg\"><img aria-describedby=\"caption-attachment-451\" loading=\"lazy\" src=\"http:\/\/v20.ivv.tuwien.ac.at\/wiwit\/wp-content\/uploads\/2014\/12\/IMG_5929-300x199.jpg\" alt=\"Final Workshop in Austria\" width=\"300\" height=\"199\" class=\"size-medium wp-image-451\" srcset=\"https:\/\/v20.fvv.tuwien.ac.at\/wiwit\/wp-content\/uploads\/2014\/12\/IMG_5929-300x199.jpg 300w, https:\/\/v20.fvv.tuwien.ac.at\/wiwit\/wp-content\/uploads\/2014\/12\/IMG_5929-1024x681.jpg 1024w\" sizes=\"(max-width: 300px) 100vw, 300px\" \/><\/a><p id=\"caption-attachment-451\" class=\"wp-caption-text\">Final Workshop in Austria<\/p><\/div>\n<p><div id=\"attachment_452\" style=\"width: 310px\" class=\"wp-caption alignnone\"><a href=\"http:\/\/v20.ivv.tuwien.ac.at\/wiwit\/wp-content\/uploads\/2014\/12\/Final-Wrksh-509.jpg\"><img aria-describedby=\"caption-attachment-452\" loading=\"lazy\" src=\"http:\/\/v20.ivv.tuwien.ac.at\/wiwit\/wp-content\/uploads\/2014\/12\/Final-Wrksh-509-300x224.jpg\" alt=\"Final Workshop in Slovakia\" width=\"300\" height=\"224\" class=\"size-medium wp-image-452\" srcset=\"https:\/\/v20.fvv.tuwien.ac.at\/wiwit\/wp-content\/uploads\/2014\/12\/Final-Wrksh-509-300x224.jpg 300w, https:\/\/v20.fvv.tuwien.ac.at\/wiwit\/wp-content\/uploads\/2014\/12\/Final-Wrksh-509-1024x768.jpg 1024w\" sizes=\"(max-width: 300px) 100vw, 300px\" \/><\/a><p id=\"caption-attachment-452\" class=\"wp-caption-text\">Final Workshop in Slovakia<\/p><\/div>\n","protected":false},"excerpt":{"rendered":"<p>Two final workshops &#8211; one in Vienna in the German language, and the other one in Bratislava in the Slovak language &#8211; were held in December 2014. The presentations are available in the two languages for download. The contents in the both languages are the same. In German: Er\u00f6ffnung Ergebnisse der Literatur-\/Onlinerecherche Vorstellung der Methodik [&hellip;]<\/p>\n","protected":false},"author":2,"featured_media":0,"parent":0,"menu_order":0,"comment_status":"closed","ping_status":"open","template":"","meta":[],"_links":{"self":[{"href":"https:\/\/v20.fvv.tuwien.ac.at\/wiwit\/wp-json\/wp\/v2\/pages\/450"}],"collection":[{"href":"https:\/\/v20.fvv.tuwien.ac.at\/wiwit\/wp-json\/wp\/v2\/pages"}],"about":[{"href":"https:\/\/v20.fvv.tuwien.ac.at\/wiwit\/wp-json\/wp\/v2\/types\/page"}],"author":[{"embeddable":true,"href":"https:\/\/v20.fvv.tuwien.ac.at\/wiwit\/wp-json\/wp\/v2\/users\/2"}],"replies":[{"embeddable":true,"href":"https:\/\/v20.fvv.tuwien.ac.at\/wiwit\/wp-json\/wp\/v2\/comments?post=450"}],"version-history":[{"count":5,"href":"https:\/\/v20.fvv.tuwien.ac.at\/wiwit\/wp-json\/wp\/v2\/pages\/450\/revisions"}],"predecessor-version":[{"id":475,"href":"https:\/\/v20.fvv.tuwien.ac.at\/wiwit\/wp-json\/wp\/v2\/pages\/450\/revisions\/475"}],"wp:attachment":[{"href":"https:\/\/v20.fvv.tuwien.ac.at\/wiwit\/wp-json\/wp\/v2\/media?parent=450"}],"curies":[{"name":"wp","href":"https:\/\/api.w.org\/{rel}","templated":true}]}}